{"id":6790,"date":"2019-10-15T12:16:45","date_gmt":"2019-10-15T10:16:45","guid":{"rendered":"https:\/\/alnorte.net\/cookies\/"},"modified":"2022-08-26T14:28:24","modified_gmt":"2022-08-26T12:28:24","slug":"cookies","status":"publish","type":"page","link":"https:\/\/alnorte.net\/ast-es\/cookies\/","title":{"rendered":"Cookies"},"content":{"rendered":"<p>[et_pb_section fb_built=&#8221;1&#8243; _builder_version=&#8221;4.17.4&#8243; background_image=&#8221;https:\/\/alnorte.net\/wp-content\/uploads\/2019\/10\/alnorte-desarrollo-web-profesional-asturias-kit-digital-agentes.jpg&#8221; parallax=&#8221;on&#8221; width=&#8221;100%&#8221; max_width=&#8221;100%&#8221; custom_css_after=&#8221;content: %22%22;||top: 0;||left: 0;||bottom: 0;||right: 0;||position: absolute;||z-index: 1;||    background-image: url(&#8216;\/wp-content\/uploads\/2019\/10\/texture1.png&#8217;),linear-gradient(135deg,rgba(9,62,82,0.95) 52%,rgba(9,62,82,0.5) 10%) !important;||    background-color: rgba(255,255,255,0) !important;&#8221; da_disable_devices=&#8221;off|off|off&#8221; locked=&#8221;off&#8221; global_colors_info=&#8221;{}&#8221; da_is_popup=&#8221;off&#8221; da_exit_intent=&#8221;off&#8221; da_has_close=&#8221;on&#8221; da_alt_close=&#8221;off&#8221; da_dark_close=&#8221;off&#8221; da_not_modal=&#8221;on&#8221; da_is_singular=&#8221;off&#8221; da_with_loader=&#8221;off&#8221; da_has_shadow=&#8221;on&#8221;][et_pb_row _builder_version=&#8221;4.16&#8243; global_colors_info=&#8221;{}&#8221;][et_pb_column type=&#8221;4_4&#8243; _builder_version=&#8221;4.16&#8243; global_colors_info=&#8221;{}&#8221;][et_pb_post_title meta=&#8221;off&#8221; featured_image=&#8221;off&#8221; text_color=&#8221;light&#8221; _builder_version=&#8221;4.16&#8243; global_colors_info=&#8221;{}&#8221;][\/et_pb_post_title][\/et_pb_column][\/et_pb_row][\/et_pb_section][et_pb_section fb_built=&#8221;1&#8243; module_class=&#8221;fondoDiagonalGris&#8221; _builder_version=&#8221;4.17.4&#8243; hover_enabled=&#8221;0&#8243; da_disable_devices=&#8221;off|off|off&#8221; global_colors_info=&#8221;{}&#8221; background_color=&#8221;#FFFFFF&#8221; sticky_enabled=&#8221;0&#8243; da_is_popup=&#8221;off&#8221; da_exit_intent=&#8221;off&#8221; da_has_close=&#8221;on&#8221; da_alt_close=&#8221;off&#8221; da_dark_close=&#8221;off&#8221; da_not_modal=&#8221;on&#8221; da_is_singular=&#8221;off&#8221; da_with_loader=&#8221;off&#8221; da_has_shadow=&#8221;on&#8221;][et_pb_row _builder_version=&#8221;4.16&#8243; global_colors_info=&#8221;{}&#8221;][et_pb_column type=&#8221;4_4&#8243; _builder_version=&#8221;4.16&#8243; global_colors_info=&#8221;{}&#8221;][et_pb_text _builder_version=&#8221;4.16&#8243; global_colors_info=&#8221;{}&#8221;]<\/p>\n<p><span style=\"color: #333333; font-size: 26px;\">USU DE COOKIES<\/span><\/p>\n<p><span style=\"font-weight: 400;\">Una cookie ye un pequenu arquivu de testu que s&#8217;instala nel so terminal d&#8217;ordenador (o otru dispositivu, como un tel\u00e9fonu m\u00f3vil) al travi\u00e9s de los sitios web qu&#8217;ust\u00e9 visita.<\/span><\/p>\n<p><b>Pa qu\u00e9 se utilicen les cookies<\/b><\/p>\n<p><span style=\"font-weight: 400;\">Util\u00edcense abondo pa conocer l&#8217;activid\u00e1 de los visitantes al sitio web, col fin d&#8217;ameyorar el mesmu a partir del almacenamientu y recuperaci\u00f3n de los datos de navegaci\u00f3n de los usuarios. Les cookies tami\u00e9n s&#8217;utilicen p&#8217;apurrir informaci\u00f3n sobro la navegaci\u00f3n de los usuarios a los propietarios de sitiu web y los sos collaboradores, col fin d&#8217;analizar l&#8217;usu que realicen de la p\u00e1xina web y personalizar el conten\u00edu.<\/span><\/p>\n<p><b>Informaci\u00f3n importante sobre c\u00f3mo utilizamos les cookies<\/b><\/p>\n<p><span style=\"font-weight: 400;\">Util\u00edcense les cookies a efectos estad\u00edsticos, funcionales y pa meyorar los nuestros servicios al travi\u00e9s del anal\u00eds del usu que realicen los visitantes a nuestru sitio web. Podemos utilizar cookies p&#8217;almacenar dellos datos d&#8217;accesu, pero nunca les contrase\u00f1es. Las cookies pueden facer que sea m\u00e1s f\u00e1cil pal usuariu conectase, navegar y utilizar el sitiu web en visites futures.<\/span><\/p>\n<p><span style=\"font-weight: 400;\"> <\/span><\/p>\n<table style=\"height: 1529px;\" width=\"562\">\n<tbody>\n<tr>\n<td><span style=\"font-weight: 400;\">Cookie<\/span><\/td>\n<td><span style=\"font-weight: 400;\">Prop\u00f3situ<\/span><\/td>\n<td><span style=\"font-weight: 400;\">Orixe<\/span><\/td>\n<\/tr>\n<tr>\n<td><span style=\"font-weight: 400;\">PHPSESSID<\/span><\/td>\n<td><span style=\"font-weight: 400;\">Esta cookie \u00fasase pa establecer la sesi\u00f3n del usuariu que visita la nuestra web. Ye una manera d&#8217;identificar y xestionar l&#8217;est\u00e1u \u2013 les variables de sesi\u00f3n para un usuariu concretu, y poder mover esa informaci\u00f3n al travi\u00e9s de les p\u00e1xines de la nuestra web. Caduca al rematar la sesi\u00f3n y ye esencial para&#8217;l correctu funcionamientu de la nuesa web.<\/span><\/td>\n<td><span style=\"font-weight: 400;\">Propia<\/span><\/td>\n<\/tr>\n<tr>\n<td><span style=\"font-weight: 400;\">devicePixelratio<\/span><\/td>\n<td><span style=\"font-weight: 400;\">La so finalid\u00e1 ye saber qu\u00e9 tipu de pantalla tien l&#8217;equipu d&#8217;usuariu pa mostrar una calid\u00e1 d&#8217;imaxe o otra. Afecha nuna selmana.<\/span><\/td>\n<td><span style=\"font-weight: 400;\">Propia<\/span><\/td>\n<\/tr>\n<tr>\n<td><span style=\"font-weight: 400;\">cookie_notice_accepted<\/span><\/td>\n<td><span style=\"font-weight: 400;\">Guarda les preferencies de los usuarios no tocante a la aceptaci\u00f3n de les cookies. Afecha en 30 d\u00edes.<\/span><\/td>\n<td><span style=\"font-weight: 400;\">Propia<\/span><\/td>\n<\/tr>\n<tr>\n<td><span style=\"font-weight: 400;\">wordpress_test_cookie<\/span><\/td>\n<td><span style=\"font-weight: 400;\">Esta cookie \u00fasase por que&#8217;l xestor de conten\u00edos WordPress compruebe si&#8217;l navegador tien les cookies activaes. Afecha al rematar la sesi\u00f3n del navegador.<\/span><\/td>\n<td><span style=\"font-weight: 400;\">WordPress<\/span><\/td>\n<\/tr>\n<tr>\n<td><span style=\"font-weight: 400;\">_ga \/ _gat<\/span><\/td>\n<td><span style=\"font-weight: 400;\">\u00dasase para estremar a los usuarios. Afecha en 2 a\u00f1os.<\/span><\/td>\n<td><span style=\"font-weight: 400;\">Google<\/span><\/td>\n<\/tr>\n<tr>\n<td><span style=\"font-weight: 400;\">_gid<\/span><\/td>\n<td><span style=\"font-weight: 400;\">\u00dasase para estremar a los usuarios. Afecha en 24 hores.<\/span><\/td>\n<td><span style=\"font-weight: 400;\">Google<\/span><\/td>\n<\/tr>\n<tr>\n<td><span style=\"font-weight: 400;\">__utmc<\/span><\/td>\n<td><span style=\"font-weight: 400;\">Nun s&#8217;usa en ga.js. Config\u00farase para interactuar con urchin.js. Enantes, esta cookie actuaba xunto cola cookie __utmb pa determinar si l&#8217;usuariu taba n&#8217;una nueva sesi\u00f3n o visita. Afecha al rematar la sesi\u00f3n del navegador.<\/span><\/td>\n<td><span style=\"font-weight: 400;\">Google<\/span><\/td>\n<\/tr>\n<tr>\n<td><span style=\"font-weight: 400;\">__utmz<\/span><\/td>\n<td><span style=\"font-weight: 400;\">Almacena la fonte de tr\u00e1ficu o la campa\u00f1a que desplica c\u00f3mo aport\u00f3 l&#8217;usuariu al sitiu. La cookie cr\u00e9ase cuando s&#8217;executa la biblioteca JavaScript y actual\u00edzase cada vez que s&#8217;unvien datos a Google Analytics. Afecha a los 6 meses de la \u00faltima actualizaci\u00f3n, y actual\u00edzase a cada visita a la web.<\/span><\/td>\n<td><span style=\"font-weight: 400;\">Google<\/span><\/td>\n<\/tr>\n<tr>\n<td><span style=\"font-weight: 400;\">__utma<\/span><\/td>\n<td><span style=\"font-weight: 400;\">\u00dasase pa estremar usuarios y sesiones. La cookie cr\u00e9ase cuando s&#8217;executa la biblioteca JavaScript y nun hai nenguna cookie __utma. La cookie actual\u00edzase cada vez que s&#8217;unvien datos a Google Analytics. Caduca a los 2 a\u00f1os dende la \u00faltima actualizaci\u00f3n.<\/span><\/td>\n<td><span style=\"font-weight: 400;\">Google<\/span><\/td>\n<\/tr>\n<tr>\n<td><span style=\"font-weight: 400;\">__utmb<\/span><\/td>\n<td><span style=\"font-weight: 400;\">\u00dasase para determinar nueves sesiones o visites. La cookie cr\u00e9ase cuando s&#8217;executa la biblioteca JavaScript y nun hai nenguna cookie __utmb. La cookie actual\u00edzase cada vez que s&#8217;unvien datos a Google Analytics. Afecha a los 30 minutos dende la configuraci\u00f3n o actualizaci\u00f3n<\/span><\/td>\n<td><span style=\"font-weight: 400;\">Google<\/span><\/td>\n<\/tr>\n<tr>\n<td><span style=\"font-weight: 400;\">__utmt<\/span><\/td>\n<td><span style=\"font-weight: 400;\">\u00dasase para llindar el porcentaxe de solicit\u00faes. Afecha a los 10 minutos.<\/span><\/td>\n<td><span style=\"font-weight: 400;\">Google<\/span><\/td>\n<\/tr>\n<tr>\n<td><span style=\"font-weight: 400;\">__utmv<\/span><\/td>\n<td><span style=\"font-weight: 400;\">\u00dasase para almacenar datos de variables personalizaes de visitante. Esta cookie cr\u00e9ase cuando un programador usa&#8217;l m\u00e9todu _setCustomVar con una variable personalizada de visitante. Tami\u00e9n s&#8217;usaba pal m\u00e9todu _setVar retir\u00e1u. La cookie actual\u00edzase cada vez que s&#8217;unvien datos a Google Analytics. Afecha a los 2 a\u00f1os a partir de la configuraci\u00f3n o actualizaci\u00f3n.<\/span><\/td>\n<td><span style=\"font-weight: 400;\">Google<\/span><\/td>\n<\/tr>\n<tr>\n<td> <\/td>\n<td> <\/td>\n<td> <\/td>\n<\/tr>\n<tr>\n<td> <\/td>\n<td> <\/td>\n<td> <\/td>\n<\/tr>\n<tr>\n<td> <\/td>\n<td> <\/td>\n<td> <\/td>\n<\/tr>\n<tr>\n<td> <\/td>\n<td> <\/td>\n<td> <\/td>\n<\/tr>\n<tr>\n<td> <\/td>\n<td> <\/td>\n<td> <\/td>\n<\/tr>\n<tr>\n<td> <\/td>\n<td> <\/td>\n<td> <\/td>\n<\/tr>\n<tr>\n<td> <\/td>\n<td> <\/td>\n<td> <\/td>\n<\/tr>\n<\/tbody>\n<\/table>\n<p><b>Cookies de redes sociales: <\/b><span style=\"font-weight: 400;\">Ye posible qu&#8217;integremos en nuestru sitio web funciones de sitio web de terceros sobremanera de ciertes redes sociales. Delles vegaes, estes funciones vienen con riestres de comandos o otros elementos que tienen la capacid\u00e1 de lleer, y delles vegaes guardar, cookies d&#8217;eses redes sociales nel so dispositivu. Estes cookies pueden dexar la personalizaci\u00f3n de la publicid\u00e1. Anque nun tenemos accesu nin control sobro eses cookies o sobro los datos qu&#8217;arrexunten, tenemos d&#8217;informa-y y llograr el so consentimientu p&#8217;aceptar dichos elementos. Por que disponga de m\u00e1s informaci\u00f3n, mostr\u00e1mos-y darr\u00e9u una llista de posibles cookies de redes sociales.<\/span><\/p>\n<p><b>Facebook<\/b><span style=\"font-weight: 400;\">.<\/span><\/p>\n<p><span style=\"font-weight: 400;\">Bot\u00f3n \u201cMe gusta\u201d de Facebook (dexa a los usuarios dicir qu&#8217;un elementu-yos presta)<\/span><\/p>\n<p><span style=\"font-weight: 400;\">Facebook Connect (dexa a los usuarios empecipiar sesi\u00f3n nes sos cuentes de Facebook y interaccionar con nuestru sitio web al travi\u00e9s de diches cuentes)<\/span><\/p>\n<p><span style=\"font-weight: 400;\">Facebook Compartir (dexa a los usuarios compartir l&#8217;elementu en Facebook)<\/span><\/p>\n<p><a href=\"https:\/\/www.facebook.com\/about\/privacy\/\"><span style=\"font-weight: 400;\">Fai clic equ\u00ed pa consultar la Pol\u00edtica de privacid\u00e1 de Facebook<\/span><\/a><\/p>\n<p><a href=\"https:\/\/www.facebook.com\/help\/cookies\"><span style=\"font-weight: 400;\">Faiga clic equ\u00ed pa obtener informaci\u00f3n sobre les cookies de Facebook<\/span><\/a><\/p>\n<p><b>YouTube y Google.<\/b><\/p>\n<p><span style=\"font-weight: 400;\">Les siguientes funciones de YouTube y Google pueden tar integraes en nuestru sitio web y pueden lleer o guardar cookies de YouTube o de Google:<\/span><\/p>\n<p><span style=\"font-weight: 400;\">Reproductor de v\u00eddeos de YouTube (permite reproducir v\u00eddeos de YouTube nos nuestros sitios web)<\/span><\/p>\n<p><span style=\"font-weight: 400;\">Entamu de sesi\u00f3n na cuenta de YouTube (dexa a los usuarios empecipiar sesi\u00f3n nes sos cuentes de YouTube y interaccionar col DEC al travi\u00e9s d&#8217;eses cuentes)<\/span><\/p>\n<p><span style=\"font-weight: 400;\">Entamu de sesi\u00f3n en Google (dexa a los usuarios empecipiar sesi\u00f3n nes sos cuentes de Google y interaccionar con nuesu sitio web al travi\u00e9s d&#8217;eses cuntes)<\/span><\/p>\n<p><a href=\"https:\/\/www.google.es\/intl\/es\/policies\/privacy\/\"><span style=\"font-weight: 400;\">Faiga clic equ\u00ed pa consultar la Pol\u00edtica de privacid\u00e1 de Google (v\u00e1lida tami\u00e9n pa YouTube)<\/span><\/a><\/p>\n<p><b>Twitter<\/b><span style=\"font-weight: 400;\">.<\/span><\/p>\n<p><span style=\"font-weight: 400;\">Les siguientes funciones de Twitter pueden tar integraes en nuesu sitio web y pueden lleer o guardar cookies de Twitter:<\/span><\/p>\n<p><span style=\"font-weight: 400;\">Entamu de sesi\u00f3n en Twitter (dexa a los usuarios empecipiar sesi\u00f3n nes sos cuentes de Twitter y interaccionar colos nuesos sitios web al travi\u00e9s d&#8217;eses cuentes)<\/span><\/p>\n<p><span style=\"font-weight: 400;\">Twitter Compartir<\/span><\/p>\n<p><a href=\"https:\/\/twitter.com\/privacy\"><span style=\"font-weight: 400;\">Faiga clic equ\u00ed pa consultar la Pol\u00edtica de privacid\u00e1 de Twitter<\/span><\/a><\/p>\n<p><b>Flickr<\/b><span style=\"font-weight: 400;\">.<\/span><\/p>\n<p><span style=\"font-weight: 400;\">Las siguientes funciones de Flickr pueden tar integraes nel nuestru sitiu web y pueden lleer o guardar cookies de Flickr:<\/span><\/p>\n<p><span style=\"font-weight: 400;\">Entamu de sesi\u00f3n en Flickr (dexa a los usuarios empecipiar sesi\u00f3n nes sos cuentes de Flickr y interaccionar colos nuesos sitios web al travi\u00e9s d&#8217;eses cuntes)<\/span><\/p>\n<p><a href=\"http:\/\/info.yahoo.com\/privacy\/es\/yahoo\/eu\/\"><span style=\"font-weight: 400;\">Faiga clic equ\u00ed pa consultar la Pol\u00edtica de privacid\u00e1 de Flickr<\/span><\/a><\/p>\n<p><b>Instagram<\/b><span style=\"font-weight: 400;\">.<\/span><\/p>\n<p><span style=\"font-weight: 400;\">Les siguientes funciones de Instagram pueden tar integraes nel nuestru sitiu web y pueden lleer o guardar cookies de Instagram:<\/span><\/p>\n<p><span style=\"font-weight: 400;\">Entamu de sesi\u00f3n en Instagram (dexa a los usuarios empecipiar sesi\u00f3n nes sos cuentes de Instagram y interaccionar colos nuesos sitios web al travi\u00e9s d&#8217;eses cuentes)<\/span><\/p>\n<p><a href=\"http:\/\/instagram.com\/about\/legal\/privacy\/#\"><span style=\"font-weight: 400;\">Faiga clic equ\u00ed pa consultar la Pol\u00edtica de privacid\u00e1 d&#8217;Instagram<\/span><\/a><\/p>\n<p><b>Pinterest<\/b><span style=\"font-weight: 400;\">.<\/span><\/p>\n<p><span style=\"font-weight: 400;\">Les siguientes funciones de Pinterest pueden tar integraes en nuestru sitio web y pueden lleer o guardar cookies de Pinterest:<\/span><\/p>\n<p><span style=\"font-weight: 400;\">Bot\u00f3n Pin-It (dexa a los usuarios faer pin del elementu y a\u00f1edir a les sos p\u00e1xines de Pinterest)<\/span><\/p>\n<p><a href=\"http:\/\/es.about.pinterest.com\/terms\/\"><span style=\"font-weight: 400;\">Faiga clic equ\u00ed pa consultar la Pol\u00edtica de privacid\u00e1 de Pinterest<\/span><\/a><\/p>\n<p><b>C\u00f3mo desactivar les cookies<\/b><\/p>\n<p><span style=\"font-weight: 400;\">Para cumplir cola llexislaci\u00f3n vixente, tenemos que pidir el so permisu pa xestionar cookies. Si decide nun autorizar el tratamientu indic\u00e1ndonos la so non conformid\u00e1, solo usar\u00edamos les cookies que son imprescindibles pa la navegaci\u00f3n pela nuestra web. Nesti casu, nun almacenar\u00edamos nenguna cookie. Nel casu de siguir navegando pel nuestru sitio web ensin refugar la so autorizaci\u00f3n implica qu&#8217;acepta&#8217;l so usu.<\/span><\/p>\n<p><span style=\"font-weight: 400;\">Tenga en cuenta que si refuga o borra les cookies de navegaci\u00f3n, nun vamos poder caltener les sos preferencies, delles caracter\u00edstiques de les p\u00e1xines nun van tar operatives, nun vamos poder ufierta-y servicios personalizaos y cada vez que vaya a navegar pela nuestra web vamos tener que solicita-y de nuevu la so autorizaci\u00f3n para l&#8217;usu de cookies.<\/span><\/p>\n<p><span style=\"font-weight: 400;\">Si nun deseya recibir cookies polo xeneral, o si quier refugar solo delles cookies, tendr\u00e1 de camudar la configuraci\u00f3n del so navegador acordies con les sos preferencies. Sicas\u00ed, cada navegador ye distintu, de forma que va tener que consultar el men\u00fa \u201cAyuda\u201d del so navegador para saber c\u00f3mo camudar les preferencies de cookies. Darr\u00e9u ind\u00edquense les instrucciones para los navegadores m\u00e1s comunes:<\/span><\/p>\n<p><a href=\"http:\/\/windows.microsoft.com\/es-es\/windows-vista\/block-or-allow-cookies\"><span style=\"font-weight: 400;\">Configuraci\u00f3n de cookies d&#8217;Internet Explorer<\/span><\/a><\/p>\n<p><a href=\"http:\/\/support.mozilla.org\/es\/kb\/habilitar-y-deshabilitar-cookies-que-los-sitios-we\"><span style=\"font-weight: 400;\">Configuraci\u00f3n de cookies de Firefox<\/span><\/a><\/p>\n<p><a href=\"https:\/\/support.google.com\/chrome\/answer\/95647?hl=es\"><span style=\"font-weight: 400;\">Configuraci\u00f3n de cookies de Google Chrome<\/span><\/a><\/p>\n<p><a href=\"http:\/\/support.apple.com\/kb\/HT1677?viewlocale=es_ES&amp;locale=es_ES\"><span style=\"font-weight: 400;\">Configuraci\u00f3n de cookies de Safari<\/span><\/a><\/p>\n<p><span style=\"font-weight: 400;\">Nun somos titulares nin patrocinamos los enllaces indicaos enantes, polo que nun s&#8217;asume responsabilid\u00e1 dalguna sobro&#8217;l so conten\u00edu nin sobro la so actualizaci\u00f3n.<\/span><\/p>\n<p><span style=\"font-weight: 400;\">L&#8217;usuariu puede revocar el so consentimientu para l&#8217;usu de cookies nel so navegador al travi\u00e9s de los siguientes enllaces:<\/span><\/p>\n<p><span style=\"font-weight: 400;\">Complementu d&#8217;inhabilitaci\u00f3n pa navegadores de Google Analytics: <\/span><a href=\"https:\/\/tools.google.com\/dlpage\/gaoptout?hl=None\"><span style=\"font-weight: 400;\">https:\/\/tools.google.com\/dlpage\/gaoptout?hl=None<\/span><\/a><\/p>\n<p><span style=\"font-weight: 400;\">Google: Al travi\u00e9s de los axustes de cada navegador m\u00e1s arriba indicaos pa la desactivaci\u00f3n o eliminaci\u00f3n de cookies.<\/span><\/p>\n<p>[\/et_pb_text][\/et_pb_column][\/et_pb_row][\/et_pb_section]<\/p>\n","protected":false},"excerpt":{"rendered":"<p>USU DE COOKIES Una cookie ye un pequenu arquivu de testu que s&#8217;instala nel so terminal d&#8217;ordenador (o otru dispositivu, como un tel\u00e9fonu m\u00f3vil) al travi\u00e9s de los sitios web qu&#8217;ust\u00e9 visita. Pa qu\u00e9 se utilicen les cookies Util\u00edcense abondo pa conocer l&#8217;activid\u00e1 de los visitantes al sitio web, col fin d&#8217;ameyorar el mesmu a [&hellip;]<\/p>\n","protected":false},"author":1,"featured_media":0,"parent":0,"menu_order":0,"comment_status":"closed","ping_status":"closed","template":"","meta":{"_seopress_robots_primary_cat":"","_seopress_titles_title":"","_seopress_titles_desc":"","_seopress_robots_index":"","_et_pb_use_builder":"on","_et_pb_old_content":"","_et_gb_content_width":"","footnotes":""},"class_list":["post-6790","page","type-page","status-publish","hentry"],"_links":{"self":[{"href":"https:\/\/alnorte.net\/ast-es\/wp-json\/wp\/v2\/pages\/6790","targetHints":{"allow":["GET"]}}],"collection":[{"href":"https:\/\/alnorte.net\/ast-es\/wp-json\/wp\/v2\/pages"}],"about":[{"href":"https:\/\/alnorte.net\/ast-es\/wp-json\/wp\/v2\/types\/page"}],"author":[{"embeddable":true,"href":"https:\/\/alnorte.net\/ast-es\/wp-json\/wp\/v2\/users\/1"}],"replies":[{"embeddable":true,"href":"https:\/\/alnorte.net\/ast-es\/wp-json\/wp\/v2\/comments?post=6790"}],"version-history":[{"count":0,"href":"https:\/\/alnorte.net\/ast-es\/wp-json\/wp\/v2\/pages\/6790\/revisions"}],"wp:attachment":[{"href":"https:\/\/alnorte.net\/ast-es\/wp-json\/wp\/v2\/media?parent=6790"}],"curies":[{"name":"wp","href":"https:\/\/api.w.org\/{rel}","templated":true}]}}