{"id":6876,"date":"2022-02-15T11:58:18","date_gmt":"2022-02-15T10:58:18","guid":{"rendered":"https:\/\/alnorte.net\/soluciones-pa-la-dixitalizacion-dempreses\/"},"modified":"2022-08-28T15:37:15","modified_gmt":"2022-08-28T13:37:15","slug":"soluciones-pa-la-dixitalizacion-dempreses","status":"publish","type":"page","link":"https:\/\/alnorte.net\/ast-es\/soluciones-pa-la-dixitalizacion-dempreses\/","title":{"rendered":"Soluciones pa la dixitalizaci\u00f3n d&#8217;empreses"},"content":{"rendered":"<p>[et_pb_section fb_built=&#8221;1&#8243; module_id=&#8221;cabeceraSlider&#8221; _builder_version=&#8221;4.16&#8243; background_image=&#8221;https:\/\/alnorte.net\/wp-content\/uploads\/2022\/02\/alnorte-herramientas-soluciones-gestion-clientes-asturias-kit-digital.jpg&#8221; parallax=&#8221;on&#8221; width=&#8221;100%&#8221; max_width=&#8221;100%&#8221; custom_css_after=&#8221;content: %22%22;||top: 0;||left: 0;||bottom: 0;||right: 0;||position: absolute;||z-index: 1;||    background-image: url(&#8216;\/wp-content\/uploads\/2019\/10\/texture1.png&#8217;),linear-gradient(135deg,rgba(9,62,82,0.95) 52%,rgba(9,62,82,0.5) 40%) !important;||    background-color: rgba(255,255,255,0) !important;&#8221; da_disable_devices=&#8221;off|off|off&#8221; border_width_bottom=&#8221;2px&#8221; border_color_bottom=&#8221;#13c0d7&#8243; global_colors_info=&#8221;{}&#8221; da_is_popup=&#8221;off&#8221; da_exit_intent=&#8221;off&#8221; da_has_close=&#8221;on&#8221; da_alt_close=&#8221;off&#8221; da_dark_close=&#8221;off&#8221; da_not_modal=&#8221;on&#8221; da_is_singular=&#8221;off&#8221; da_with_loader=&#8221;off&#8221; da_has_shadow=&#8221;on&#8221;][et_pb_row column_structure=&#8221;2_3,1_3&#8243; _builder_version=&#8221;4.16&#8243; min_height=&#8221;320px&#8221; height=&#8221;320px&#8221; max_height=&#8221;320px&#8221; custom_margin=&#8221;-32px|auto||auto||&#8221; border_color_bottom=&#8221;#e0ad52&#8243; global_colors_info=&#8221;{}&#8221;][et_pb_column type=&#8221;2_3&#8243; _builder_version=&#8221;4.16&#8243; global_colors_info=&#8221;{}&#8221;][et_pb_text _builder_version=&#8221;4.16&#8243; _module_preset=&#8221;default&#8221; global_colors_info=&#8221;{}&#8221;]<\/p>\n<h1>Soluciones pa la dixitalizaci\u00f3n d&#8217;empreses<\/h1>\n<p>[\/et_pb_text][et_pb_slider arrows_custom_color=&#8221;rgba(0,0,0,0)&#8221; _builder_version=&#8221;4.16&#8243; animation_direction=&#8221;left&#8221; auto=&#8221;on&#8221; global_colors_info=&#8221;{}&#8221;][et_pb_slide heading=&#8221;Servicios y ferramientes d&#8217;oficina virtual&#8221; _builder_version=&#8221;4.16&#8243; body_font_size=&#8221;18px&#8221; background_color=&#8221;rgba(0,0,0,0)&#8221; background_enable_color=&#8221;on&#8221; text_orientation=&#8221;left&#8221; global_colors_info=&#8221;{}&#8221; sticky_transition=&#8221;on&#8221;]<\/p>\n<p>Soluciones ofim\u00e1tiques na nube.<\/p>\n<p>[\/et_pb_slide][et_pb_slide heading=&#8221;Xesti\u00f3n de clientes&#8221; _builder_version=&#8221;4.16&#8243; body_font_size=&#8221;18px&#8221; background_color=&#8221;rgba(0,0,0,0)&#8221; background_enable_color=&#8221;on&#8221; text_orientation=&#8221;left&#8221; global_colors_info=&#8221;{}&#8221; sticky_transition=&#8221;on&#8221;]Xesti\u00f3n comercial, alministrativa y contable pa empreses peque\u00f1es.[\/et_pb_slide][\/et_pb_slider][\/et_pb_column][et_pb_column type=&#8221;1_3&#8243; _builder_version=&#8221;4.16&#8243; background_enable_image=&#8221;off&#8221; global_colors_info=&#8221;{}&#8221;][et_pb_cta button_url=&#8221;https:\/\/alnorte.net\/ast-es\/axente-kit-digital-nasturies\/&#8221; button_text=&#8221;M\u00e1s informaci\u00f3n&#8221; admin_label=&#8221;CTA Kit Digital&#8221; _builder_version=&#8221;4.14.7&#8243; _module_preset=&#8221;default&#8221; animation_direction=&#8221;right&#8221; global_module=&#8221;5342&#8243; saved_tabs=&#8221;all&#8221; global_colors_info=&#8221;{}&#8221;]<\/p>\n<p><img decoding=\"async\" class=\"wp-image-5256 alignnone size-full\" src=\"https:\/\/alnorte.net\/wp-content\/uploads\/2022\/02\/agente-digitalizador-kit-digital-asturias-gijon-oviedo-aviles.png\" alt=\"Agente digitalizador Kit Digital Asturias Gij\u00f3n Oviedo Avil\u00e9s\" width=\"213\" height=\"58\" \/><\/p>\n<h3>Somos agentes digitalizadores dentro del plan Kit Digital.<\/h3>\n<p>Descubre todo lo que podemos hacer por t\u00ed.<\/p>\n<p>[\/et_pb_cta][\/et_pb_column][\/et_pb_row][\/et_pb_section][et_pb_section fb_built=&#8221;1&#8243; module_id=&#8221;entamu&#8221; module_class=&#8221;fondoDiagonal01s&#8221; _builder_version=&#8221;4.16&#8243; _module_preset=&#8221;default&#8221; da_disable_devices=&#8221;off|off|off&#8221; global_colors_info=&#8221;{}&#8221; da_is_popup=&#8221;off&#8221; da_exit_intent=&#8221;off&#8221; da_has_close=&#8221;on&#8221; da_alt_close=&#8221;off&#8221; da_dark_close=&#8221;off&#8221; da_not_modal=&#8221;on&#8221; da_is_singular=&#8221;off&#8221; da_with_loader=&#8221;off&#8221; da_has_shadow=&#8221;on&#8221;][et_pb_row column_structure=&#8221;3_5,2_5&#8243; module_id=&#8221;soluciones-oficina-virtual-office-365&#8243; _builder_version=&#8221;4.16&#8243; _module_preset=&#8221;default&#8221; global_colors_info=&#8221;{}&#8221;][et_pb_column type=&#8221;3_5&#8243; _builder_version=&#8221;4.16&#8243; _module_preset=&#8221;default&#8221; global_colors_info=&#8221;{}&#8221;][et_pb_text admin_label=&#8221;Texto&#8221; _builder_version=&#8221;4.16&#8243; custom_padding=&#8221;0px|||||&#8221; global_colors_info=&#8221;{}&#8221;]<\/p>\n<h2>Servicios y ferramientes d&#8217;oficina virtual<\/h2>\n<h3>Office 365<\/h3>\n<p>Office 365 ye la suite online de Microsoft emponinada a flesibilizar los fluxos de trabayu ente los sos distintos usuarios, destinada tanto a pymes como pa tipo empresas de tou tipu. El so principal beneficiu t\u00e1 nel so agospiu <em>online<\/em>, que permite acceder dende cualaquier tipu de dispositivu (ordenador, m\u00f3vil o Tablet) y plataforma (Windows, Mac o Android) tanto a los documentos agospiaos como a los programes qu&#8217;incl\u00fai. Con aplicaciones como SharePoint, Teams o One Drive podemos facer que&#8217;l trabayu collaborativu de la nuestra empresa no nun quede nel llugar de trabayo, sinon facilitar el teletrabayu y l&#8217;intercambiu de documentaci\u00f3n y usu d&#8217;esti dende cualaquier llugar siempre dende un entornu seguru.<\/p>\n<p>Am\u00e1s de los beneficios que podemos obtener del so modelu <em>online<\/em>, tambi\u00e9n vamos tener accesu a los sos programes b\u00e1sicos que toos conocemos: Word, Excel, PowerPoint, Outlook; pero cola posibilid\u00e1 (dependiendo del tipu de plan contrat\u00e1u) de tenelo tanto instalao <em>offline<\/em>, onde no tendr\u00edamos falta d&#8217;accesuo a internet, nel to equipu principal como d&#8217;acceder v\u00eda <em>online<\/em> y usalos n&#8217;otros llugares o dispositivos.<\/p>\n<p>En cuenta d&#8217;una comercializaci\u00f3n de productu basada na compra total del mesmu, promu\u00e9vese&#8217;l modelu de <strong>soscripciones<\/strong>, que pueden ser mensuales o a\u00f1ales, coles qu&#8217;escoyer\u00edes un modelu mas flesible a la hora d&#8217;adaptase a las necesidaes de la empresa pudiendo amestar o quitat usuarios contrataos d&#8217;una manera cenciella y r\u00e1pida.<\/p>\n<p>[\/et_pb_text][\/et_pb_column][et_pb_column type=&#8221;2_5&#8243; _builder_version=&#8221;4.16&#8243; _module_preset=&#8221;default&#8221; global_colors_info=&#8221;{}&#8221;][\/et_pb_column][\/et_pb_row][\/et_pb_section][et_pb_section fb_built=&#8221;1&#8243; module_id=&#8221;soluciones-gestion-clientes&#8221; module_class=&#8221;fondoDiagonal02s&#8221; _builder_version=&#8221;4.16&#8243; _module_preset=&#8221;default&#8221; da_disable_devices=&#8221;off|off|off&#8221; global_colors_info=&#8221;{}&#8221; da_is_popup=&#8221;off&#8221; da_exit_intent=&#8221;off&#8221; da_has_close=&#8221;on&#8221; da_alt_close=&#8221;off&#8221; da_dark_close=&#8221;off&#8221; da_not_modal=&#8221;on&#8221; da_is_singular=&#8221;off&#8221; da_with_loader=&#8221;off&#8221; da_has_shadow=&#8221;on&#8221;][et_pb_row column_structure=&#8221;1_4,3_4&#8243; _builder_version=&#8221;4.16&#8243; _module_preset=&#8221;default&#8221; global_colors_info=&#8221;{}&#8221;][et_pb_column type=&#8221;1_4&#8243; _builder_version=&#8221;4.16&#8243; _module_preset=&#8221;default&#8221; global_colors_info=&#8221;{}&#8221;][\/et_pb_column][et_pb_column type=&#8221;3_4&#8243; _builder_version=&#8221;4.16&#8243; _module_preset=&#8221;default&#8221; global_colors_info=&#8221;{}&#8221;][et_pb_text admin_label=&#8221;Texto&#8221; _builder_version=&#8221;4.16&#8243; custom_padding=&#8221;0px|||||&#8221; global_colors_info=&#8221;{}&#8221;]<\/p>\n<h2>Soluciones pa xesti\u00f3n de clientes (CRM)<\/h2>\n<h3>Doli, la plataforma de xesti\u00f3n dollibarr<\/h3>\n<p>Con toles ventayes d&#8217;una plataforma web modular, na que podemos activar les funcionalidaes necesaries pa la nuestra empresa, abarcando, de mano, un CRM completu pa la <strong>xesti\u00f3n de clientes y oportunidaes<\/strong> comerciales percompleta. Cola posibilid\u00e1 de faer distintes agrupaciones y segmentaciones del merc\u00e1u, pero con una cencellez dificil d&#8217;atopar nel merc\u00e1u de les aplicaciones CRM.[\/et_pb_text][\/et_pb_column][\/et_pb_row][et_pb_row _builder_version=&#8221;4.16&#8243; _module_preset=&#8221;default&#8221; global_colors_info=&#8221;{}&#8221;][et_pb_column type=&#8221;4_4&#8243; _builder_version=&#8221;4.16&#8243; _module_preset=&#8221;default&#8221; global_colors_info=&#8221;{}&#8221;][et_pb_text admin_label=&#8221;Texto&#8221; _builder_version=&#8221;4.16&#8243; custom_padding=&#8221;0px|||||&#8221; global_colors_info=&#8221;{}&#8221;]<\/p>\n<blockquote><p>Expl\u00edcitamente pa Pymes, un de los sistemes del merc\u00e1u m\u00e1s cenciellos d&#8217;implementar y con una de les curves d&#8217;aprendizaxe m\u00e1s baxes. \u00bfCu\u00e1ndo entamamos?<\/p><\/blockquote>\n<p>De segundes, podemos implementar un <strong>ERP completu<\/strong>, con funciones de contabilid\u00e1 de doble partida, sofitada pol potente CRM de dolibarr.<\/p>\n<p><strong>Sin falta d&#8217;invertir n&#8217;infraestructura<\/strong>: Toles funciones y m\u00f3dulos implementaos pueden executase nun servidor web o bien nuna m\u00e1quina virtual creada con esi env\u00eds, cola ventaya de ser tan ampliable como se precise, ensin grandes desembolsos iniciales.<\/p>\n<p><strong>Nun t&#8217;ata a la nuestra empresa<\/strong>: Al ser un CRM\/ERP de c\u00f3digu abiertu, nun vas tar cautivu d&#8217;una empresa, vas poder encargar los desenvolvimientos posteriores a cualquier empresa cualificada.<\/p>\n<p><strong>Sin incompatibilid\u00e1 de sistemes<\/strong>: L&#8217;accesu web puede realizase dende cualquier dispositivu final, y\u00e1 s\u00eda Android, Windows, Linux, Mac o cualesquier otru, nam\u00e1s fai falta un navegador web modernu, p&#8217;aprovechar tola informaci\u00f3n y disponibilid\u00e1 del nuestru sistema de xesti\u00f3n.<\/p>\n<p><strong>Preconfiguraci\u00f3n a medida<\/strong>: Conocemos les necesidaes de la mayor\u00eda de les Pymes, polo que la plataforma, ensin perder versatilidad, pue ser precargada minimiz\u00e1ndo ent\u00e1 m\u00e1s el tiempu de implementaci\u00f3n inicial.<\/p>\n<p>Darr\u00e9u d&#8217;una primer xunta pa conocer les necesidaes espec\u00edfiques de cada empresa, van abordase les necesidaes espec\u00edfiques que precisen mayor desenvolvimientu.[\/et_pb_text][et_pb_text admin_label=&#8221;Texto&#8221; _builder_version=&#8221;4.16&#8243; custom_padding=&#8221;0px|||||&#8221; global_colors_info=&#8221;{}&#8221;]<\/p>\n<h4>Capacidaes de la plataforma.<\/h4>\n<ul>\n<li\">Con potentes cuadros de mandu xen\u00e9ricos de cada m\u00f3dulu, va permitite ver los estaos xenerales de facturaci\u00f3n, veceros, presupuestos, unv\u00edos, o cualesquier otru m\u00f3dulu implement\u00e1u r\u00e1pido.<\/li>\n<li>Xesti\u00f3n de veceros, veceros potenciales y proveedores r\u00e1pida y eficiente, comparada con otros ERPs del merc\u00e1u, con una implementaci\u00f3n muncho m\u00e1s trabayosa.<\/li>\n<li>Posibilid\u00e1 d&#8217;importaci\u00f3n de datos a partir d&#8217;otros ficheros, como por casu excel, para nun tener que mecanizar los datos actuales.<\/li>\n<li>Posibilid\u00e1 d&#8217;accesos acutaos pa personal esternu de la empresa ya inclusive pa veceros. Dellos casos d&#8217;usu d&#8217;esta funcionalidad ye&#8217;l serviciu IT, para poder comprobar el correctu funcionamientu de los m\u00f3dulos o implementaciones posteriores, lo mesmo que del nuestru serviciu d&#8217;asesor\u00eda pa comprobar o parametrizar cuentes contables, nel casu de tener activ\u00e1u&#8217;l m\u00f3dulu financieru.<\/li>\n<li>Altamente personalizable, magar una implementaci\u00f3n xen\u00e9rica ye perfecta pa empezar a trabayar, el CRM\/ERP af\u00e1yase a la mayor\u00eda de les situaciones d&#8217;un merc\u00e1u cambiante.<\/li>\n<li>M\u00f3dulos del ERP\/CRM: Vamos poder estremar equ\u00ed ente los m\u00f3dulos principales, los m\u00f3dulos tresversales, y los m\u00f3dulos t\u00e9cnicos, creando un ecosistema funcional y parametrizable d&#8217;amplies capacidaes. Anque&#8217;l conxuntu de m\u00f3dulos ye realmente bien ampliu, vamos mentar equ\u00ed dalgunos de los principales.<\/li>\n<\/ul>\n<p>[\/et_pb_text][\/et_pb_column][\/et_pb_row][et_pb_row column_structure=&#8221;1_2,1_2&#8243; _builder_version=&#8221;4.16&#8243; _module_preset=&#8221;default&#8221; global_colors_info=&#8221;{}&#8221;][et_pb_column type=&#8221;1_2&#8243; _builder_version=&#8221;4.16&#8243; _module_preset=&#8221;default&#8221; global_colors_info=&#8221;{}&#8221;][et_pb_text admin_label=&#8221;Texto&#8221; _builder_version=&#8221;4.16&#8243; custom_padding=&#8221;0px|||||&#8221; global_colors_info=&#8221;{}&#8221;]<\/p>\n<h4>M\u00f3dulos principales:<\/h4>\n<ul>\n<li>Xesti\u00f3n de Terceros, onde vamos poder xestionar tantu veceros, como veceros potenciales y provisores, colos sos contactos asosciados y los proyectos nos que tean arreyaos.<\/li>\n<li>Xesti\u00f3n de presupuestos, con capacid\u00e1 de xestionar presupuestos pa veceros potenciales o pa oportunidaes de negociu. Vamos poder cenceyar tami\u00e9n estos presupuestos a acciones y proyectos.<\/li>\n<li>Xesti\u00f3n de facturaci\u00f3n, incluyida la posibilid\u00e1 de facer factures recurrentes, simplificando la xesti\u00f3n de la mesma.<\/li>\n<li>Llevanza de stock, recepciones y unv\u00edos, con un sistema multialmac\u00e9n flexible, vamos poder xestionar tanto los pid\u00edos de los nuestros veceros como los de los nuesotros proveedores.<\/li>\n<li>Xesti\u00f3n de pagos y domiciliaciones bancaries, y por supuestu, la so si lo queremos asina.<\/li>\n<li>Funci\u00f3nes d&#8217;axenda, xesti\u00f3n de recursos humanos, gastos por trabayador, etc&#8230;<\/li>\n<\/ul>\n<p>[\/et_pb_text][\/et_pb_column][et_pb_column type=&#8221;1_2&#8243; _builder_version=&#8221;4.16&#8243; _module_preset=&#8221;default&#8221; global_colors_info=&#8221;{}&#8221;][et_pb_text admin_label=&#8221;Texto&#8221; _builder_version=&#8221;4.16&#8243; custom_padding=&#8221;0px|||||&#8221; global_colors_info=&#8221;{}&#8221;]<\/p>\n<h4>M\u00f3dulos tresversales:<\/h4>\n<ul>\n<li>Xeneraci\u00f3n de PDF y\/o ODT Documents, que pue aplicase y definise con plantiyes pa ca\u00fan de los m\u00f3dulos.<\/li>\n<li>Informes, pa la xeneraci\u00f3n d&#8217;informes esportables, de los m\u00f3dulos parametrizaos pa ello.<\/li>\n<li>Xesti\u00f3n electr\u00f3nico de documentos, que va permitinos a\u00f1edir documentos esternos o internos a ca\u00fan de los m\u00f3dulos habilitaos, especialmente nos proyectos y prospecciones comerciales.<\/li>\n<li>WebCalendar como plataforma d&#8217;organizaci\u00f3n esterna\/interna parametrizable por usuarios o grupos.<\/li>\n<\/ul>\n<h4>M\u00f3dulos T\u00e9cnicos:<\/h4>\n<ul>\n<li>Entren nesta categor\u00eda aquellos m\u00f3dulos pol usuariu final de ralo en ralo y que suelen ser delegaos a los servicios IT de la empresa.<\/li>\n<li>Conectivid\u00e1 por LDAP pa empreses con dominiu na so infraestructura IT.<\/li>\n<li>Tarees programaes, pa que&#8217;l sistema operativu faiga tarees del ERP\/CRM.<\/li>\n<li>OAuth pa l&#8217;autentificaci\u00f3n por esti protocolu.<\/li>\n<li>Conectividad por SFTP, pa la tresmisi\u00f3n masiva de datos, carga de ficheros esternos ya inclusive externalizaciones o copies del c\u00f3digu.<\/li>\n<li>Fluxu de trabayu d&#8217;ente m\u00f3dulos, pa la creaci\u00f3n autom\u00e1tica d&#8217;oxetos a partir d&#8217;acciones realizaes n&#8217;otros m\u00f3dulos.<\/li>\n<\/ul>\n<p>[\/et_pb_text][\/et_pb_column][\/et_pb_row][\/et_pb_section]<\/p>\n","protected":false},"excerpt":{"rendered":"<p>Soluciones pa la dixitalizaci\u00f3n d&#8217;empresesSoluciones ofim\u00e1tiques na nube.Xesti\u00f3n comercial, alministrativa y contable pa empreses peque\u00f1es. Somos agentes digitalizadores dentro del plan Kit Digital. Descubre todo lo que podemos hacer por t\u00ed. Servicios y ferramientes d&#8217;oficina virtual Office 365 Office 365 ye la suite online de Microsoft emponinada a flesibilizar los fluxos de trabayu ente los [&hellip;]<\/p>\n","protected":false},"author":2,"featured_media":6571,"parent":0,"menu_order":0,"comment_status":"closed","ping_status":"closed","template":"","meta":{"_seopress_robots_primary_cat":"","_seopress_titles_title":"","_seopress_titles_desc":"","_seopress_robots_index":"","_et_pb_use_builder":"on","_et_pb_old_content":"","_et_gb_content_width":"","footnotes":""},"class_list":["post-6876","page","type-page","status-publish","has-post-thumbnail","hentry"],"_links":{"self":[{"href":"https:\/\/alnorte.net\/ast-es\/wp-json\/wp\/v2\/pages\/6876","targetHints":{"allow":["GET"]}}],"collection":[{"href":"https:\/\/alnorte.net\/ast-es\/wp-json\/wp\/v2\/pages"}],"about":[{"href":"https:\/\/alnorte.net\/ast-es\/wp-json\/wp\/v2\/types\/page"}],"author":[{"embeddable":true,"href":"https:\/\/alnorte.net\/ast-es\/wp-json\/wp\/v2\/users\/2"}],"replies":[{"embeddable":true,"href":"https:\/\/alnorte.net\/ast-es\/wp-json\/wp\/v2\/comments?post=6876"}],"version-history":[{"count":0,"href":"https:\/\/alnorte.net\/ast-es\/wp-json\/wp\/v2\/pages\/6876\/revisions"}],"wp:featuredmedia":[{"embeddable":true,"href":"https:\/\/alnorte.net\/ast-es\/wp-json\/wp\/v2\/media\/6571"}],"wp:attachment":[{"href":"https:\/\/alnorte.net\/ast-es\/wp-json\/wp\/v2\/media?parent=6876"}],"curies":[{"name":"wp","href":"https:\/\/api.w.org\/{rel}","templated":true}]}}