{"id":6882,"date":"2022-02-16T12:53:36","date_gmt":"2022-02-16T11:53:36","guid":{"rendered":"https:\/\/alnorte.net\/soluciones-e-learning\/"},"modified":"2022-08-28T16:03:09","modified_gmt":"2022-08-28T14:03:09","slug":"soluciones-e-learning","status":"publish","type":"page","link":"https:\/\/alnorte.net\/ast-es\/soluciones-e-learning\/","title":{"rendered":"Soluciones e-learning"},"content":{"rendered":"<p>[et_pb_section fb_built=&#8221;1&#8243; module_id=&#8221;cabeceraSlider&#8221; _builder_version=&#8221;4.16&#8243; background_image=&#8221;https:\/\/alnorte.net\/wp-content\/uploads\/2022\/02\/bigbluebutton.jpg&#8221; parallax=&#8221;on&#8221; width=&#8221;100%&#8221; max_width=&#8221;100%&#8221; custom_css_after=&#8221;content: %22%22;||top: 0;||left: 0;||bottom: 0;||right: 0;||position: absolute;||z-index: 1;||    background-image: url(&#8216;\/wp-content\/uploads\/2019\/10\/texture1.png&#8217;),linear-gradient(135deg,rgba(9,62,82,0.95) 52%,rgba(9,62,82,0.5) 40%) !important;||    background-color: rgba(255,255,255,0) !important;&#8221; da_disable_devices=&#8221;off|off|off&#8221; border_width_bottom=&#8221;2px&#8221; border_color_bottom=&#8221;#13c0d7&#8243; global_colors_info=&#8221;{}&#8221; da_is_popup=&#8221;off&#8221; da_exit_intent=&#8221;off&#8221; da_has_close=&#8221;on&#8221; da_alt_close=&#8221;off&#8221; da_dark_close=&#8221;off&#8221; da_not_modal=&#8221;on&#8221; da_is_singular=&#8221;off&#8221; da_with_loader=&#8221;off&#8221; da_has_shadow=&#8221;on&#8221;][et_pb_row column_structure=&#8221;2_3,1_3&#8243; _builder_version=&#8221;4.16&#8243; min_height=&#8221;320px&#8221; height=&#8221;320px&#8221; max_height=&#8221;320px&#8221; custom_margin=&#8221;-32px|auto||auto||&#8221; border_color_bottom=&#8221;#e0ad52&#8243; global_colors_info=&#8221;{}&#8221;][et_pb_column type=&#8221;2_3&#8243; _builder_version=&#8221;4.16&#8243; global_colors_info=&#8221;{}&#8221;][et_pb_text _builder_version=&#8221;4.16&#8243; _module_preset=&#8221;default&#8221; animation_direction=&#8221;left&#8221; global_colors_info=&#8221;{}&#8221;]<\/p>\n<h1>Soluciones e-learning<\/h1>\n<p>[\/et_pb_text][et_pb_slider show_arrows=&#8221;off&#8221; arrows_custom_color=&#8221;rgba(0,0,0,0)&#8221; _builder_version=&#8221;4.16&#8243; width=&#8221;100%&#8221; max_width=&#8221;100%&#8221; module_alignment=&#8221;left&#8221; content_max_width=&#8221;100%&#8221; animation_direction=&#8221;left&#8221; auto=&#8221;on&#8221; global_colors_info=&#8221;{}&#8221;][et_pb_slide heading=&#8221;plataformes LMS&#8221; _builder_version=&#8221;4.16&#8243; header_level=&#8221;h2&#8243; body_font_size=&#8221;18px&#8221; background_color=&#8221;rgba(0,0,0,0)&#8221; background_enable_color=&#8221;on&#8221; text_orientation=&#8221;left&#8221; global_colors_info=&#8221;{}&#8221; sticky_transition=&#8221;on&#8221;]<\/p>\n<p>Implementaci\u00f3n de plataformes Moodle multidispositivu adaptaes a les necesidaes de veceru<\/p>\n<p>[\/et_pb_slide][et_pb_slide heading=&#8221;creaci\u00f3n d&#8217;aules virtuales&#8221; _builder_version=&#8221;4.16&#8243; header_level=&#8221;h2&#8243; body_font_size=&#8221;18px&#8221; background_color=&#8221;rgba(0,0,0,0)&#8221; background_enable_color=&#8221;on&#8221; text_orientation=&#8221;left&#8221; global_colors_info=&#8221;{}&#8221; sticky_transition=&#8221;on&#8221;]<\/p>\n<p>Baseas en Big Blue Button y venceyaes a la to plataforma Moodle. Xeneraci\u00f3n d&#8217;informes de participaci\u00f3n.<\/p>\n<p>[\/et_pb_slide][et_pb_slide heading=&#8221;elearningtoolset&#8221; _builder_version=&#8221;4.16&#8243; header_level=&#8221;h2&#8243; body_font_size=&#8221;18px&#8221; background_color=&#8221;rgba(0,0,0,0)&#8221; background_enable_color=&#8221;on&#8221; text_orientation=&#8221;left&#8221; global_colors_info=&#8221;{}&#8221; sticky_transition=&#8221;on&#8221;]La nuestra ferramienta de creaci\u00f3n de cursos en paquetes SCORM, partiendo del to material precursor.[\/et_pb_slide][\/et_pb_slider][\/et_pb_column][et_pb_column type=&#8221;1_3&#8243; _builder_version=&#8221;4.16&#8243; background_enable_image=&#8221;off&#8221; global_colors_info=&#8221;{}&#8221;][et_pb_cta button_url=&#8221;https:\/\/alnorte.net\/ast-es\/axente-kit-digital-nasturies\/&#8221; button_text=&#8221;M\u00e1s informaci\u00f3n&#8221; admin_label=&#8221;CTA Kit Digital&#8221; _builder_version=&#8221;4.16&#8243; _module_preset=&#8221;default&#8221; animation_direction=&#8221;right&#8221; saved_tabs=&#8221;all&#8221; global_colors_info=&#8221;{}&#8221; global_module=&#8221;5342&#8243; theme_builder_area=&#8221;post_content&#8221;]<\/p>\n<p><img decoding=\"async\" class=\"wp-image-5256 alignnone size-full\" src=\"https:\/\/alnorte.net\/wp-content\/uploads\/2022\/02\/agente-digitalizador-kit-digital-asturias-gijon-oviedo-aviles.png\" alt=\"Agente digitalizador Kit Digital Asturias Gij\u00f3n Oviedo Avil\u00e9s\" width=\"213\" height=\"58\" \/><\/p>\n<h3>Somos agentes digitalizadores dentro del plan Kit Digital.<\/h3>\n<p>Descubre todo lo que podemos hacer por t\u00ed.<\/p>\n<p>[\/et_pb_cta][\/et_pb_column][\/et_pb_row][\/et_pb_section][et_pb_section fb_built=&#8221;1&#8243; specialty=&#8221;on&#8221; module_id=&#8221;entamu&#8221; module_class=&#8221;fondoDiagonal01e&#8221; _builder_version=&#8221;4.16&#8243; _module_preset=&#8221;default&#8221; da_disable_devices=&#8221;off|off|off&#8221; collapsed=&#8221;off&#8221; global_colors_info=&#8221;{}&#8221; da_is_popup=&#8221;off&#8221; da_exit_intent=&#8221;off&#8221; da_has_close=&#8221;on&#8221; da_alt_close=&#8221;off&#8221; da_dark_close=&#8221;off&#8221; da_not_modal=&#8221;on&#8221; da_is_singular=&#8221;off&#8221; da_with_loader=&#8221;off&#8221; da_has_shadow=&#8221;on&#8221;][et_pb_column type=&#8221;2_3&#8243; specialty_columns=&#8221;2&#8243; _builder_version=&#8221;4.16&#8243; custom_padding=&#8221;|||&#8221; global_colors_info=&#8221;{}&#8221; custom_padding__hover=&#8221;|||&#8221;][et_pb_row_inner use_custom_gutter=&#8221;on&#8221; gutter_width=&#8221;1&#8243; module_id=&#8221;plataformas-lms&#8221; _builder_version=&#8221;4.16&#8243; _module_preset=&#8221;default&#8221; global_colors_info=&#8221;{}&#8221;][et_pb_column_inner saved_specialty_column_type=&#8221;2_3&#8243; _builder_version=&#8221;4.16&#8243; _module_preset=&#8221;default&#8221; global_colors_info=&#8221;{}&#8221;][et_pb_text admin_label=&#8221;Texto&#8221; _builder_version=&#8221;4.16&#8243; global_colors_info=&#8221;{}&#8221;]<\/p>\n<h2>Plataformes LMS<\/h2>\n<h3>Da&#8217;l saltu a la formaci\u00f3n online.<\/h3>\n<p>Les Plataformes eLearning o Sistemes de xesti\u00f3n d&#8217;aprendizaxe (LMS) ufren toles funcionalidaes necesaries para llevar a cabu acciones formatives tantu p\u00fablique como privaes, facilitando l&#8217;accesu a la ufierta formativa de la nuestra empresa o entid\u00e1<\/p>\n<p>N&#8217;Alnorte optamos pol esplegue y personalizaci\u00f3n de plataformes Moodle, basaes en c\u00f3digu abiertu, que va permitinos crear cursos, amestar materiales did\u00e1cticos, acceder a informes detallaos sobro l&#8217;activid\u00e1 del alumn\u00e1u o emitir certificaos d&#8217;aprovechamientu de les acciones desenvueltes.<\/p>\n<p>Les nuestres plataformes siguen los principios del <em>responsive web design<\/em>, adapt\u00e1ndose a tolos dispositivos y son accesibles sig\u00fan las pautes afitaes pol consorciu W3c (WCAG). Y too ello usando est\u00e1ndares web que garanticen la escalabilid\u00e1 y la estabilid\u00e1 del proyectu.<\/p>\n<p>[\/et_pb_text][\/et_pb_column_inner][\/et_pb_row_inner][\/et_pb_column][et_pb_column type=&#8221;1_3&#8243; _builder_version=&#8221;4.16&#8243; custom_padding=&#8221;|||&#8221; global_colors_info=&#8221;{}&#8221; custom_padding__hover=&#8221;|||&#8221;][\/et_pb_column][\/et_pb_section][et_pb_section fb_built=&#8221;1&#8243; module_id=&#8221;creacion-aules-virtuales&#8221; module_class=&#8221;fondoDiagonal02e&#8221; _builder_version=&#8221;4.16&#8243; _module_preset=&#8221;default&#8221; da_disable_devices=&#8221;off|off|off&#8221; global_colors_info=&#8221;{}&#8221; da_is_popup=&#8221;off&#8221; da_exit_intent=&#8221;off&#8221; da_has_close=&#8221;on&#8221; da_alt_close=&#8221;off&#8221; da_dark_close=&#8221;off&#8221; da_not_modal=&#8221;on&#8221; da_is_singular=&#8221;off&#8221; da_with_loader=&#8221;off&#8221; da_has_shadow=&#8221;on&#8221;][et_pb_row column_structure=&#8221;2_5,3_5&#8243; _builder_version=&#8221;4.16&#8243; _module_preset=&#8221;default&#8221; global_colors_info=&#8221;{}&#8221;][et_pb_column type=&#8221;2_5&#8243; _builder_version=&#8221;4.16&#8243; _module_preset=&#8221;default&#8221; global_colors_info=&#8221;{}&#8221;][\/et_pb_column][et_pb_column type=&#8221;3_5&#8243; _builder_version=&#8221;4.16&#8243; _module_preset=&#8221;default&#8221; global_colors_info=&#8221;{}&#8221;][et_pb_text admin_label=&#8221;Texto&#8221; _builder_version=&#8221;4.16&#8243; global_colors_info=&#8221;{}&#8221;]<\/p>\n<h2>Creaci\u00f3n d&#8217;aules virtuales<\/h2>\n<h3>en casa como nel aula.<\/h3>\n<p>Esplegamos servidores dedicaos pal sistema de videoconferencia web <strong>BigBlueButton<\/strong>.<\/p>\n<p><strong>BigBlueButton<\/strong> ye una soluci\u00f3n de c\u00f3digo abiertu empleg\u00e1u por tou tipu d&#8217;organizaciones educatives nel \u00e1mbitu de la formaci\u00f3n online.<\/p>\n<p>Estas son delles de les sos caracter\u00edstiques: <\/p>\n<ul>\n<li>Integraci\u00f3n con Moodle. <strong>BigBlueButton<\/strong> int\u00e9grase como un recursu o activid\u00e1 m\u00e1s nos cursos de la nuestra plataforma.<\/li>\n<li>Grabaci\u00f3n de v\u00eddeu. Les videoconferencias van poder ser grabaes y almacenaes nel servidor dedic\u00e1u pa la so posterior visualizaci\u00f3n dende la mesma plataforma.<\/li>\n<li>Multimedia: El profesor\u00e1u va poder compartir audiu dende un micr\u00f3fonu, v\u00eddeu dende&#8217;l so webcam y compartir la so pantalla (escoyendo una pantalla o pesta\u00f1a) coles persones asistentes a la videoconferencia.<\/li>\n<li>Comunicaci\u00f3n multidireccional. Les videoconfencias van poder configurasepa que l&#8217;alumn\u00e1u participe usando un micr\u00f3fonu o al travi\u00e9s d&#8217;una ferramienta de chat integr\u00e1u.<\/li>\n<li>Multidispositivu. L&#8217;alumn\u00e1u va poder esfrutar de les videoconferencies dende cualquier dispositivu, s\u00eda esti un ordenador, una tablet o un smartphone.<\/li>\n<li>Otras ferramientes. Vamos poder compartir diapositives, encuestes o v\u00eddeos d&#8217;otres fontes. Tami\u00e9n contamos con pizarra dixital.<\/li>\n<\/ul>\n<p>[\/et_pb_text][\/et_pb_column][\/et_pb_row][\/et_pb_section][et_pb_section fb_built=&#8221;1&#8243; module_id=&#8221;elearning-toolset&#8221; module_class=&#8221;fondoDiagonal03e&#8221; _builder_version=&#8221;4.16&#8243; _module_preset=&#8221;default&#8221; da_disable_devices=&#8221;off|off|off&#8221; global_colors_info=&#8221;{}&#8221; da_is_popup=&#8221;off&#8221; da_exit_intent=&#8221;off&#8221; da_has_close=&#8221;on&#8221; da_alt_close=&#8221;off&#8221; da_dark_close=&#8221;off&#8221; da_not_modal=&#8221;on&#8221; da_is_singular=&#8221;off&#8221; da_with_loader=&#8221;off&#8221; da_has_shadow=&#8221;on&#8221;][et_pb_row column_structure=&#8221;3_5,2_5&#8243; _builder_version=&#8221;4.16&#8243; _module_preset=&#8221;default&#8221; global_colors_info=&#8221;{}&#8221;][et_pb_column type=&#8221;3_5&#8243; _builder_version=&#8221;4.16&#8243; _module_preset=&#8221;default&#8221; global_colors_info=&#8221;{}&#8221;][et_pb_text admin_label=&#8221;Texto&#8221; _builder_version=&#8221;4.16&#8243; global_colors_info=&#8221;{}&#8221;]<\/p>\n<h2>elearningtoolset<\/h2>\n<h3>automatiza la to formaci\u00f3n.<\/h3>\n<p>Con ElearningToolSet vas poder xenerar paquetes SCORM con un procesu semiautom\u00e1ticu. Esto supon unu amenorgamientu perimportante del tiempu necesariu pa la ellaboraci\u00f3n d&#8217;estos paquetes y, poro, un abaratamientu del procesu.<\/p>\n<p>Los paquetes xeneraos cola ferramienta cunten colos materiales did\u00e1cticos precursores (testu ya imaxes), los elementos de navegaci\u00f3n pel paquete SCORM y un \u00edndiz de conten\u00edos. Am\u00e1s, van poder editase los conten\u00edos orixinales ensertando nueves imaxes, v\u00eddeos o editando los testos.<\/p>\n<p>Talos conten\u00edos van tar basaos en tecnolog\u00eda est\u00e1ndar de W3C y van siguir los principios del dise\u00f1o web adaptativu (responsive web design).[\/et_pb_text][\/et_pb_column][et_pb_column type=&#8221;2_5&#8243; _builder_version=&#8221;4.16&#8243; _module_preset=&#8221;default&#8221; global_colors_info=&#8221;{}&#8221;][\/et_pb_column][\/et_pb_row][\/et_pb_section]<\/p>\n","protected":false},"excerpt":{"rendered":"<p>Soluciones e-learningImplementaci\u00f3n de plataformes Moodle multidispositivu adaptaes a les necesidaes de veceruBaseas en Big Blue Button y venceyaes a la to plataforma Moodle. Xeneraci\u00f3n d&#8217;informes de participaci\u00f3n.La nuestra ferramienta de creaci\u00f3n de cursos en paquetes SCORM, partiendo del to material precursor. Somos agentes digitalizadores dentro del plan Kit Digital. Descubre todo lo que podemos hacer [&hellip;]<\/p>\n","protected":false},"author":2,"featured_media":6583,"parent":0,"menu_order":0,"comment_status":"closed","ping_status":"closed","template":"","meta":{"_seopress_robots_primary_cat":"","_seopress_titles_title":"","_seopress_titles_desc":"","_seopress_robots_index":"","_et_pb_use_builder":"on","_et_pb_old_content":"","_et_gb_content_width":"","footnotes":""},"class_list":["post-6882","page","type-page","status-publish","has-post-thumbnail","hentry"],"_links":{"self":[{"href":"https:\/\/alnorte.net\/ast-es\/wp-json\/wp\/v2\/pages\/6882","targetHints":{"allow":["GET"]}}],"collection":[{"href":"https:\/\/alnorte.net\/ast-es\/wp-json\/wp\/v2\/pages"}],"about":[{"href":"https:\/\/alnorte.net\/ast-es\/wp-json\/wp\/v2\/types\/page"}],"author":[{"embeddable":true,"href":"https:\/\/alnorte.net\/ast-es\/wp-json\/wp\/v2\/users\/2"}],"replies":[{"embeddable":true,"href":"https:\/\/alnorte.net\/ast-es\/wp-json\/wp\/v2\/comments?post=6882"}],"version-history":[{"count":0,"href":"https:\/\/alnorte.net\/ast-es\/wp-json\/wp\/v2\/pages\/6882\/revisions"}],"wp:featuredmedia":[{"embeddable":true,"href":"https:\/\/alnorte.net\/ast-es\/wp-json\/wp\/v2\/media\/6583"}],"wp:attachment":[{"href":"https:\/\/alnorte.net\/ast-es\/wp-json\/wp\/v2\/media?parent=6882"}],"curies":[{"name":"wp","href":"https:\/\/api.w.org\/{rel}","templated":true}]}}