{"id":6885,"date":"2022-02-17T11:45:50","date_gmt":"2022-02-17T10:45:50","guid":{"rendered":"https:\/\/alnorte.net\/segurida-dixital\/"},"modified":"2022-08-28T16:11:09","modified_gmt":"2022-08-28T14:11:09","slug":"segurida-dixital","status":"publish","type":"page","link":"https:\/\/alnorte.net\/ast-es\/segurida-dixital\/","title":{"rendered":"Segurid\u00e1 dixital"},"content":{"rendered":"<p>[et_pb_section fb_built=&#8221;1&#8243; module_id=&#8221;cabeceraSlider&#8221; _builder_version=&#8221;4.16&#8243; background_image=&#8221;https:\/\/alnorte.net\/wp-content\/uploads\/2022\/02\/alnorte-herramientas-soluciones-ciberseguridad-asturias-kit-digital.jpg&#8221; parallax=&#8221;on&#8221; width=&#8221;100%&#8221; max_width=&#8221;100%&#8221; hover_enabled=&#8221;0&#8243; custom_css_after=&#8221;content: %22%22;||top: 0;||left: 0;||bottom: 0;||right: 0;||position: absolute;||z-index: 1;||    background-image: url(&#8216;\/wp-content\/uploads\/2019\/10\/texture1.png&#8217;),linear-gradient(135deg,rgba(9,62,82,0.95) 52%,rgba(9,62,82,0.5) 40%) !important;||    background-color: rgba(255,255,255,0) !important;&#8221; da_disable_devices=&#8221;off|off|off&#8221; border_width_bottom=&#8221;2px&#8221; border_color_bottom=&#8221;#13c0d7&#8243; global_colors_info=&#8221;{}&#8221; sticky_enabled=&#8221;0&#8243; da_is_popup=&#8221;off&#8221; da_exit_intent=&#8221;off&#8221; da_has_close=&#8221;on&#8221; da_alt_close=&#8221;off&#8221; da_dark_close=&#8221;off&#8221; da_not_modal=&#8221;on&#8221; da_is_singular=&#8221;off&#8221; da_with_loader=&#8221;off&#8221; da_has_shadow=&#8221;on&#8221;][et_pb_row column_structure=&#8221;2_3,1_3&#8243; _builder_version=&#8221;4.17.4&#8243; min_height=&#8221;320px&#8221; height=&#8221;320px&#8221; max_height=&#8221;320px&#8221; hover_enabled=&#8221;0&#8243; border_color_bottom=&#8221;#e0ad52&#8243; global_colors_info=&#8221;{}&#8221; sticky_enabled=&#8221;0&#8243;][et_pb_column type=&#8221;2_3&#8243; _builder_version=&#8221;4.16&#8243; global_colors_info=&#8221;{}&#8221;][et_pb_text _builder_version=&#8221;4.16&#8243; _module_preset=&#8221;default&#8221; global_colors_info=&#8221;{}&#8221;]<\/p>\n<h1>Segurid\u00e1 dixital<\/h1>\n<p>[\/et_pb_text][et_pb_slider arrows_custom_color=&#8221;rgba(0,0,0,0)&#8221; _builder_version=&#8221;4.16&#8243; animation_direction=&#8221;left&#8221; auto=&#8221;on&#8221; global_colors_info=&#8221;{}&#8221;][et_pb_slide heading=&#8221;Comunicaciones segures&#8221; _builder_version=&#8221;4.16&#8243; body_font_size=&#8221;18px&#8221; background_color=&#8221;rgba(0,0,0,0)&#8221; background_enable_color=&#8221;on&#8221; text_orientation=&#8221;left&#8221; global_colors_info=&#8221;{}&#8221; sticky_transition=&#8221;on&#8221;]<\/p>\n<p>Comunicaciones segures tanto dientro como fuera del ambiente empresarial con netozone.<\/p>\n<p>[\/et_pb_slide][et_pb_slide heading=&#8221;Soluciones en cibersegurid\u00e1&#8221; _builder_version=&#8221;4.16&#8243; body_font_size=&#8221;18px&#8221; background_color=&#8221;rgba(0,0,0,0)&#8221; background_enable_color=&#8221;on&#8221; text_orientation=&#8221;left&#8221; global_colors_info=&#8221;{}&#8221; sticky_transition=&#8221;on&#8221;]Descubre soluciones y servicios adicionales pal to negociu.[\/et_pb_slide][\/et_pb_slider][\/et_pb_column][et_pb_column type=&#8221;1_3&#8243; _builder_version=&#8221;4.16&#8243; background_enable_image=&#8221;off&#8221; global_colors_info=&#8221;{}&#8221;][et_pb_cta button_url=&#8221;https:\/\/alnorte.net\/ast-es\/axente-kit-digital-nasturies\/&#8221; button_text=&#8221;M\u00e1s informaci\u00f3n&#8221; admin_label=&#8221;CTA Kit Digital&#8221; module_class=&#8221;cta-menu&#8221; _builder_version=&#8221;4.17.4&#8243; _module_preset=&#8221;default&#8221; animation_direction=&#8221;right&#8221; global_module=&#8221;5342&#8243; saved_tabs=&#8221;all&#8221; global_colors_info=&#8221;{}&#8221;]<\/p>\n<p><img decoding=\"async\" class=\"wp-image-5256 alignnone size-full\" src=\"https:\/\/alnorte.net\/wp-content\/uploads\/2022\/02\/agente-digitalizador-kit-digital-asturias-gijon-oviedo-aviles.png\" alt=\"Agente digitalizador Kit Digital Asturias Gij\u00f3n Oviedo Avil\u00e9s\" width=\"213\" height=\"58\" \/><\/p>\n<h3>Somos agentes digitalizadores dentro del plan Kit Digital.<\/h3>\n<p>Descubre todo lo que podemos hacer por t\u00ed.<\/p>\n<p>[\/et_pb_cta][\/et_pb_column][\/et_pb_row][\/et_pb_section][et_pb_section fb_built=&#8221;1&#8243; module_id=&#8221;entamu&#8221; module_class=&#8221;fondoDiagonal01x&#8221; _builder_version=&#8221;4.16&#8243; _module_preset=&#8221;default&#8221; da_disable_devices=&#8221;off|off|off&#8221; global_colors_info=&#8221;{}&#8221; da_is_popup=&#8221;off&#8221; da_exit_intent=&#8221;off&#8221; da_has_close=&#8221;on&#8221; da_alt_close=&#8221;off&#8221; da_dark_close=&#8221;off&#8221; da_not_modal=&#8221;on&#8221; da_is_singular=&#8221;off&#8221; da_with_loader=&#8221;off&#8221; da_has_shadow=&#8221;on&#8221;][et_pb_row column_structure=&#8221;3_5,2_5&#8243; module_id=&#8221;comunicaciones-seguras-firewall&#8221; _builder_version=&#8221;4.16&#8243; _module_preset=&#8221;default&#8221; global_colors_info=&#8221;{}&#8221;][et_pb_column type=&#8221;3_5&#8243; _builder_version=&#8221;4.16&#8243; _module_preset=&#8221;default&#8221; global_colors_info=&#8221;{}&#8221;][et_pb_text admin_label=&#8221;Texto&#8221; _builder_version=&#8221;4.16&#8243; custom_padding=&#8221;0px|||||&#8221; global_colors_info=&#8221;{}&#8221;]<\/p>\n<h2>Comunicaciones segures<\/h2>\n<h3>NetOzone<\/h3>\n<p>El firewall <strong>NetOzone<\/strong> ye un dispositivu dise\u00f1\u00e1u pal control y xesti\u00f3n de les redes dende una interfaz centralizada, col env\u00eds de xenerar unes comunicaciones segures tantu dientro como fuera del ambiente empresarial, protexendo al usuariu de los peligros actuales. Destin\u00e1u a pymes o peque\u00f1es empreses. Ye una ferramienta eficaz, basada nel sistema operativu FreeBSD empobin\u00e1u a firewalls y routers. Les caracter\u00edstiques m\u00e1s importantes que tien esti sistema son:<\/p>\n<ul>\n<li>Filtr\u00e1u y control d&#8217;accesu de dispositivos. Proxy cach\u00e9 tresparente con soporte pa llista negra.<\/li>\n<li>VPN: cifr\u00e1u estremu a estremu, compatible con IPsec y OpenVPN.<\/li>\n<li>Permite autentificaci\u00f3n de dos factores.<\/li>\n<li>Logs de conex\u00f3n, compatibles con monitorizaci\u00f3n externa con Grafana.<\/li>\n<li>Portal cautivu pa l&#8217;iniciu de sesi\u00f3n de los usuarios, tanto en dispositivos m\u00f3viles como fixos.<\/li>\n<li>SSL con certific\u00e1u esterno o autocertific\u00e1u.<\/li>\n<li>Incorpora un sistema de detecci\u00f3n d&#8217;intrusiones.<\/li>\n<li>Posibilid\u00e1 de segmentar la rede de forma ama\u00f1osa col est\u00e1ndar 802.1Q VLAN.<\/li>\n<\/ul>\n<p>[\/et_pb_text][\/et_pb_column][et_pb_column type=&#8221;2_5&#8243; _builder_version=&#8221;4.16&#8243; _module_preset=&#8221;default&#8221; global_colors_info=&#8221;{}&#8221;][\/et_pb_column][\/et_pb_row][\/et_pb_section][et_pb_section fb_built=&#8221;1&#8243; module_id=&#8221;soluciones-cibersegurid\u00e1&#8221; module_class=&#8221;fondoDiagonal02x&#8221; _builder_version=&#8221;4.16&#8243; _module_preset=&#8221;default&#8221; da_disable_devices=&#8221;off|off|off&#8221; global_colors_info=&#8221;{}&#8221; da_is_popup=&#8221;off&#8221; da_exit_intent=&#8221;off&#8221; da_has_close=&#8221;on&#8221; da_alt_close=&#8221;off&#8221; da_dark_close=&#8221;off&#8221; da_not_modal=&#8221;on&#8221; da_is_singular=&#8221;off&#8221; da_with_loader=&#8221;off&#8221; da_has_shadow=&#8221;on&#8221;][et_pb_row column_structure=&#8221;2_5,3_5&#8243; _builder_version=&#8221;4.16&#8243; _module_preset=&#8221;default&#8221; global_colors_info=&#8221;{}&#8221;][et_pb_column type=&#8221;2_5&#8243; _builder_version=&#8221;4.16&#8243; _module_preset=&#8221;default&#8221; global_colors_info=&#8221;{}&#8221;][et_pb_image src=&#8221;https:\/\/alnorte.net\/wp-content\/uploads\/2022\/02\/eset-endpoint-security.png&#8221; alt=&#8221;Eset endpoint security&#8221; title_text=&#8221;Eset endpoint security&#8221; _builder_version=&#8221;4.16&#8243; _module_preset=&#8221;default&#8221; global_colors_info=&#8221;{}&#8221;][\/et_pb_image][\/et_pb_column][et_pb_column type=&#8221;3_5&#8243; _builder_version=&#8221;4.16&#8243; _module_preset=&#8221;default&#8221; global_colors_info=&#8221;{}&#8221;][et_pb_text admin_label=&#8221;Texto&#8221; _builder_version=&#8221;4.16&#8243; custom_padding=&#8221;0px|||||&#8221; global_colors_info=&#8221;{}&#8221;]<\/p>\n<h2>Cibersegurid\u00e1<\/h2>\n<h3>Eset Protect Complete<\/h3>\n<p>Am\u00e1s de la segurid\u00e1 perimetral, la segurid\u00e1 de puntu final, que ye la qu&#8217;afecta a los dispositivos de los usuarios, ye en delles ocasiones el puntu m\u00e1s vulnerable de la nuesa infraestructura IT. Los usuarios, por desconocimientu, por descuidu ya inclusive por mala praxis, pueden comprometer tola segurid\u00e1 d&#8217;un sistema inform\u00e1ticu. Pa evitar estos problemes contamos con ESET PROTECT COMPLETE:<\/p>\n<p>Incl\u00fai ESET ENDPOINT SECURITY, con anal\u00eds de malware y spyware y monitorizaci\u00f3n de la rede.<\/p>\n<p>Permite aplicar pol\u00edtiques y riegles, controlar amenaces detectaes y configurar veceros de forma remota dende cualquier ordenador en rede.<\/p>\n<p>Les tecnolox\u00edes avanzaes basaes na intelixencia artificial son a esaniciar de forma proactiva la infiltraci\u00f3n de virus, spyware, troyanos, viermes, adware, rootkits y otros ataques qu&#8217;alluguen n&#8217;Internet ensin allancar el rendimientu del sistema nin atayar l&#8217;activid\u00e1 del ordenador.<\/p>\n<p>Protexe&#8217;l to navegador web \u00e9nte otros procesos que se t\u00e1n executando nel ordenador. Adoptando un enfoque de confianza cero, pa evitar erros de los usuarios.<\/p>\n<p>Incl\u00fai ESET Mail Security Bloquia tol spam, el malware a nivel del servidor, y el phising, antes de llegar a les cuentes de corr\u00e9u de los usuarios.<\/p>\n<p>[\/et_pb_text][\/et_pb_column][\/et_pb_row][\/et_pb_section]<\/p>\n","protected":false},"excerpt":{"rendered":"<p>Segurid\u00e1 dixitalComunicaciones segures tanto dientro como fuera del ambiente empresarial con netozone.Descubre soluciones y servicios adicionales pal to negociu. Somos agentes digitalizadores dentro del plan Kit Digital. Descubre todo lo que podemos hacer por t\u00ed. Comunicaciones segures NetOzone El firewall NetOzone ye un dispositivu dise\u00f1\u00e1u pal control y xesti\u00f3n de les redes dende una interfaz [&hellip;]<\/p>\n","protected":false},"author":1,"featured_media":6579,"parent":0,"menu_order":0,"comment_status":"closed","ping_status":"closed","template":"","meta":{"_seopress_robots_primary_cat":"","_seopress_titles_title":"","_seopress_titles_desc":"","_seopress_robots_index":"","_et_pb_use_builder":"on","_et_pb_old_content":"","_et_gb_content_width":"","footnotes":""},"class_list":["post-6885","page","type-page","status-publish","has-post-thumbnail","hentry"],"_links":{"self":[{"href":"https:\/\/alnorte.net\/ast-es\/wp-json\/wp\/v2\/pages\/6885","targetHints":{"allow":["GET"]}}],"collection":[{"href":"https:\/\/alnorte.net\/ast-es\/wp-json\/wp\/v2\/pages"}],"about":[{"href":"https:\/\/alnorte.net\/ast-es\/wp-json\/wp\/v2\/types\/page"}],"author":[{"embeddable":true,"href":"https:\/\/alnorte.net\/ast-es\/wp-json\/wp\/v2\/users\/1"}],"replies":[{"embeddable":true,"href":"https:\/\/alnorte.net\/ast-es\/wp-json\/wp\/v2\/comments?post=6885"}],"version-history":[{"count":0,"href":"https:\/\/alnorte.net\/ast-es\/wp-json\/wp\/v2\/pages\/6885\/revisions"}],"wp:featuredmedia":[{"embeddable":true,"href":"https:\/\/alnorte.net\/ast-es\/wp-json\/wp\/v2\/media\/6579"}],"wp:attachment":[{"href":"https:\/\/alnorte.net\/ast-es\/wp-json\/wp\/v2\/media?parent=6885"}],"curies":[{"name":"wp","href":"https:\/\/api.w.org\/{rel}","templated":true}]}}